{"id":607,"date":"2023-04-11T21:23:07","date_gmt":"2023-04-11T21:23:07","guid":{"rendered":"https:\/\/mendezymendezabogados.com\/?page_id=607"},"modified":"2023-07-06T22:18:11","modified_gmt":"2023-07-06T22:18:11","slug":"porque-elegirnos-2","status":"publish","type":"page","link":"https:\/\/mendezymendezabogados.com\/index.php\/porque-elegirnos-2\/","title":{"rendered":"\u00bfPorqu\u00e9 elegirnos?"},"content":{"rendered":"\t\t<div data-elementor-type=\"wp-page\" data-elementor-id=\"607\" class=\"elementor elementor-607\" data-elementor-post-type=\"page\">\n\t\t\t\t<div class=\"elementor-element elementor-element-4e5bfc2 e-con-full e-flex e-con e-parent\" data-id=\"4e5bfc2\" data-element_type=\"container\">\n\t\t\t\t<div class=\"elementor-element elementor-element-6ac27e8 elementor-widget elementor-widget-image\" data-id=\"6ac27e8\" data-element_type=\"widget\" data-widget_type=\"image.default\">\n\t\t\t\t<div class=\"elementor-widget-container\">\n\t\t\t\t\t\t\t\t\t\t\t\t\t\t\t<img fetchpriority=\"high\" decoding=\"async\" width=\"1600\" height=\"250\" src=\"https:\/\/mendezymendezabogados.com\/wp-content\/uploads\/2023\/04\/ENCABezados-WEB-4.png\" class=\"attachment-full size-full wp-image-1259\" alt=\"\" srcset=\"https:\/\/mendezymendezabogados.com\/wp-content\/uploads\/2023\/04\/ENCABezados-WEB-4.png 1600w, https:\/\/mendezymendezabogados.com\/wp-content\/uploads\/2023\/04\/ENCABezados-WEB-4-300x47.png 300w, https:\/\/mendezymendezabogados.com\/wp-content\/uploads\/2023\/04\/ENCABezados-WEB-4-1024x160.png 1024w, https:\/\/mendezymendezabogados.com\/wp-content\/uploads\/2023\/04\/ENCABezados-WEB-4-768x120.png 768w, https:\/\/mendezymendezabogados.com\/wp-content\/uploads\/2023\/04\/ENCABezados-WEB-4-1536x240.png 1536w\" sizes=\"(max-width: 1600px) 100vw, 1600px\" \/>\t\t\t\t\t\t\t\t\t\t\t\t\t\t\t<\/div>\n\t\t\t\t<\/div>\n\t\t\t\t<\/div>\n\t\t<div class=\"elementor-element elementor-element-2c790ca e-con-full e-flex e-con e-parent\" data-id=\"2c790ca\" data-element_type=\"container\">\n\t\t\t\t<div class=\"elementor-element elementor-element-b1b015c elementor-widget elementor-widget-heading\" data-id=\"b1b015c\" data-element_type=\"widget\" data-widget_type=\"heading.default\">\n\t\t\t\t<div class=\"elementor-widget-container\">\n\t\t\t\t\t<h1 class=\"elementor-heading-title elementor-size-default\"> \u00bfPor qu\u00e9 elegirnos?<\/h1>\t\t\t\t<\/div>\n\t\t\t\t<\/div>\n\t\t\t\t<div class=\"elementor-element elementor-element-2b1748a elementor-widget elementor-widget-text-editor\" data-id=\"2b1748a\" data-element_type=\"widget\" data-widget_type=\"text-editor.default\">\n\t\t\t\t<div class=\"elementor-widget-container\">\n\t\t\t\t\t\t\t\t\t<ol><li>Contamos con gran experiencia trabajando en el Sector Bancario,<em> (m\u00e1s de 10 Entidades Bancarias) <\/em>conociendo las pol\u00edticas de negociaci\u00f3n de la mayor\u00eda de estas Entidades Financieras.<\/li><li>Tenemos amplia experiencia y preparaci\u00f3n en los Mecanismos Alternativos de soluci\u00f3n de conflictos, como la conciliaci\u00f3n y tr\u00e1mites de insolvencias.<\/li><li>Mayor n\u00famero de casos exitosos en nuestros tr\u00e1mites de insolvencias o negociaci\u00f3n de deudas y procesos civiles, laborales, de familia, comerciales, administrativos, penales.<\/li><li>Contamos con una amplia Red de aliados estrat\u00e9gicos y convenios empresariales, que nos permiten brindar asesor\u00edas jur\u00eddicas de calidad, con precios y formas de pago realmente asequibles y razonables.<\/li><\/ol>\t\t\t\t\t\t\t\t<\/div>\n\t\t\t\t<\/div>\n\t\t\t\t<\/div>\n\t\t<div class=\"elementor-element elementor-element-e2910e8 e-con-full e-flex e-con e-parent\" data-id=\"e2910e8\" data-element_type=\"container\" data-settings=\"{&quot;background_background&quot;:&quot;gradient&quot;}\">\n\t\t<div class=\"elementor-element elementor-element-1dcd6e5 e-con-full e-flex e-con e-parent\" data-id=\"1dcd6e5\" data-element_type=\"container\" data-settings=\"{&quot;background_background&quot;:&quot;gradient&quot;}\">\n\t\t<div class=\"elementor-element elementor-element-43678b1 e-con-full e-flex e-con e-parent\" data-id=\"43678b1\" data-element_type=\"container\" data-settings=\"{&quot;background_background&quot;:&quot;gradient&quot;}\">\n\t\t<div class=\"elementor-element elementor-element-217380f e-flex e-con-boxed e-con e-parent\" data-id=\"217380f\" data-element_type=\"container\" data-settings=\"{&quot;background_background&quot;:&quot;gradient&quot;}\">\n\t\t\t\t\t<div class=\"e-con-inner\">\n\t\t<div class=\"elementor-element elementor-element-bc68d5b e-flex e-con-boxed e-con e-parent\" data-id=\"bc68d5b\" data-element_type=\"container\">\n\t\t\t\t\t<div class=\"e-con-inner\">\n\t\t\t\t<div class=\"elementor-element elementor-element-daa81c8 elementor-widget elementor-widget-heading\" data-id=\"daa81c8\" data-element_type=\"widget\" data-widget_type=\"heading.default\">\n\t\t\t\t<div class=\"elementor-widget-container\">\n\t\t\t\t\t<h2 class=\"elementor-heading-title elementor-size-default\">M\u00e9ndez y M\u00e9ndez Abogados S.A.S.<\/h2>\t\t\t\t<\/div>\n\t\t\t\t<\/div>\n\t\t\t\t\t<\/div>\n\t\t\t\t<\/div>\n\t\t\t\t<div class=\"elementor-element elementor-element-2921c89 elementor-widget elementor-widget-text-editor\" data-id=\"2921c89\" data-element_type=\"widget\" data-widget_type=\"text-editor.default\">\n\t\t\t\t<div class=\"elementor-widget-container\">\n\t\t\t\t\t\t\t\t\t<p>NIT: 901.455.119-9<\/p><p>Direcci\u00f3n: Carrera 6 N\u00ba 10 \u2013 42 Oficina 519 Edificio Stella de Bogot\u00e1 &#8211; Colombia.<\/p><p>Copyright \u00a9 2023 mendezymendezabogados.com<\/p>\t\t\t\t\t\t\t\t<\/div>\n\t\t\t\t<\/div>\n\t\t<div class=\"elementor-element elementor-element-982e16d e-con-full e-flex e-con e-parent\" data-id=\"982e16d\" data-element_type=\"container\">\n\t\t\t\t<div class=\"elementor-element elementor-element-799a779 elementor-widget-mobile__width-auto elementor-view-default elementor-widget elementor-widget-icon\" data-id=\"799a779\" data-element_type=\"widget\" data-widget_type=\"icon.default\">\n\t\t\t\t<div class=\"elementor-widget-container\">\n\t\t\t\t\t\t\t<div class=\"elementor-icon-wrapper\">\n\t\t\t<a class=\"elementor-icon\" href=\"https:\/\/www.facebook.com\/people\/MyM-Abogados-SAS\/100090174506372\/\">\n\t\t\t<i aria-hidden=\"true\" class=\"fab fa-facebook\"><\/i>\t\t\t<\/a>\n\t\t<\/div>\n\t\t\t\t\t\t<\/div>\n\t\t\t\t<\/div>\n\t\t\t\t<div class=\"elementor-element elementor-element-2077358 elementor-view-default elementor-widget elementor-widget-icon\" data-id=\"2077358\" data-element_type=\"widget\" data-widget_type=\"icon.default\">\n\t\t\t\t<div class=\"elementor-widget-container\">\n\t\t\t\t\t\t\t<div class=\"elementor-icon-wrapper\">\n\t\t\t<a class=\"elementor-icon\" href=\"https:\/\/www.instagram.com\/mymabogadosinsolvencias\/\">\n\t\t\t<i aria-hidden=\"true\" class=\"fab fa-instagram\"><\/i>\t\t\t<\/a>\n\t\t<\/div>\n\t\t\t\t\t\t<\/div>\n\t\t\t\t<\/div>\n\t\t\t\t<\/div>\n\t\t\t\t<div class=\"elementor-element elementor-element-4bc5e62 elementor-widget elementor-widget-spacer\" data-id=\"4bc5e62\" data-element_type=\"widget\" data-widget_type=\"spacer.default\">\n\t\t\t\t<div class=\"elementor-widget-container\">\n\t\t\t\t\t\t\t<div class=\"elementor-spacer\">\n\t\t\t<div class=\"elementor-spacer-inner\"><\/div>\n\t\t<\/div>\n\t\t\t\t\t\t<\/div>\n\t\t\t\t<\/div>\n\t\t\t\t\t<\/div>\n\t\t\t\t<\/div>\n\t\t\t\t<\/div>\n\t\t\t\t<\/div>\n\t\t\t\t<\/div>\n\t\t\t\t<\/div>\n\t\t","protected":false},"excerpt":{"rendered":"<p>\u00bfPor qu\u00e9 elegirnos? Contamos con gran experiencia trabajando en el Sector Bancario, (m\u00e1s de 10 Entidades Bancarias) conociendo las pol\u00edticas de negociaci\u00f3n de la mayor\u00eda de estas Entidades Financieras. Tenemos amplia experiencia y preparaci\u00f3n en los Mecanismos Alternativos de soluci\u00f3n de conflictos, como la conciliaci\u00f3n y tr\u00e1mites de insolvencias. Mayor n\u00famero de casos exitosos en [&hellip;]<\/p>\n","protected":false},"author":1,"featured_media":0,"parent":0,"menu_order":0,"comment_status":"closed","ping_status":"closed","template":"","meta":{"_joinchat":[],"footnotes":""},"class_list":["post-607","page","type-page","status-publish","hentry"],"_links":{"self":[{"href":"https:\/\/mendezymendezabogados.com\/index.php\/wp-json\/wp\/v2\/pages\/607","targetHints":{"allow":["GET"]}}],"collection":[{"href":"https:\/\/mendezymendezabogados.com\/index.php\/wp-json\/wp\/v2\/pages"}],"about":[{"href":"https:\/\/mendezymendezabogados.com\/index.php\/wp-json\/wp\/v2\/types\/page"}],"author":[{"embeddable":true,"href":"https:\/\/mendezymendezabogados.com\/index.php\/wp-json\/wp\/v2\/users\/1"}],"replies":[{"embeddable":true,"href":"https:\/\/mendezymendezabogados.com\/index.php\/wp-json\/wp\/v2\/comments?post=607"}],"version-history":[{"count":40,"href":"https:\/\/mendezymendezabogados.com\/index.php\/wp-json\/wp\/v2\/pages\/607\/revisions"}],"predecessor-version":[{"id":3484,"href":"https:\/\/mendezymendezabogados.com\/index.php\/wp-json\/wp\/v2\/pages\/607\/revisions\/3484"}],"wp:attachment":[{"href":"https:\/\/mendezymendezabogados.com\/index.php\/wp-json\/wp\/v2\/media?parent=607"}],"curies":[{"name":"wp","href":"https:\/\/api.w.org\/{rel}","templated":true}]}}