{"id":657,"date":"2023-04-11T23:28:18","date_gmt":"2023-04-11T23:28:18","guid":{"rendered":"https:\/\/mendezymendezabogados.com\/?page_id=657"},"modified":"2023-07-11T17:43:03","modified_gmt":"2023-07-11T17:43:03","slug":"derecho-administrativo","status":"publish","type":"page","link":"https:\/\/mendezymendezabogados.com\/index.php\/derecho-administrativo\/","title":{"rendered":"Derecho Administrativo"},"content":{"rendered":"\t\t<div data-elementor-type=\"wp-page\" data-elementor-id=\"657\" class=\"elementor elementor-657\" data-elementor-post-type=\"page\">\n\t\t\t\t<div class=\"elementor-element elementor-element-4e5bfc2 e-con-full e-flex e-con e-parent\" data-id=\"4e5bfc2\" data-element_type=\"container\">\n\t\t\t\t<div class=\"elementor-element elementor-element-6ac27e8 elementor-widget elementor-widget-image\" data-id=\"6ac27e8\" data-element_type=\"widget\" data-widget_type=\"image.default\">\n\t\t\t\t<div class=\"elementor-widget-container\">\n\t\t\t\t\t\t\t\t\t\t\t\t\t\t\t<img fetchpriority=\"high\" decoding=\"async\" width=\"1600\" height=\"250\" src=\"https:\/\/mendezymendezabogados.com\/wp-content\/uploads\/2023\/04\/ENCABezados-WEB-12.png\" class=\"attachment-full size-full wp-image-1471\" alt=\"\" srcset=\"https:\/\/mendezymendezabogados.com\/wp-content\/uploads\/2023\/04\/ENCABezados-WEB-12.png 1600w, https:\/\/mendezymendezabogados.com\/wp-content\/uploads\/2023\/04\/ENCABezados-WEB-12-300x47.png 300w, https:\/\/mendezymendezabogados.com\/wp-content\/uploads\/2023\/04\/ENCABezados-WEB-12-1024x160.png 1024w, https:\/\/mendezymendezabogados.com\/wp-content\/uploads\/2023\/04\/ENCABezados-WEB-12-768x120.png 768w, https:\/\/mendezymendezabogados.com\/wp-content\/uploads\/2023\/04\/ENCABezados-WEB-12-1536x240.png 1536w\" sizes=\"(max-width: 1600px) 100vw, 1600px\" \/>\t\t\t\t\t\t\t\t\t\t\t\t\t\t\t<\/div>\n\t\t\t\t<\/div>\n\t\t\t\t<\/div>\n\t\t<div class=\"elementor-element elementor-element-2c790ca e-flex e-con-boxed e-con e-parent\" data-id=\"2c790ca\" data-element_type=\"container\">\n\t\t\t\t\t<div class=\"e-con-inner\">\n\t\t\t\t<div class=\"elementor-element elementor-element-56a2040 elementor-widget elementor-widget-spacer\" data-id=\"56a2040\" data-element_type=\"widget\" data-widget_type=\"spacer.default\">\n\t\t\t\t<div class=\"elementor-widget-container\">\n\t\t\t\t\t\t\t<div class=\"elementor-spacer\">\n\t\t\t<div class=\"elementor-spacer-inner\"><\/div>\n\t\t<\/div>\n\t\t\t\t\t\t<\/div>\n\t\t\t\t<\/div>\n\t\t\t\t<div class=\"elementor-element elementor-element-00f8955 elementor-widget elementor-widget-heading\" data-id=\"00f8955\" data-element_type=\"widget\" data-widget_type=\"heading.default\">\n\t\t\t\t<div class=\"elementor-widget-container\">\n\t\t\t\t\t<h1 class=\"elementor-heading-title elementor-size-default\">Derecho Administrativo<\/h1>\t\t\t\t<\/div>\n\t\t\t\t<\/div>\n\t\t\t\t<div class=\"elementor-element elementor-element-ce6e0aa elementor-widget elementor-widget-spacer\" data-id=\"ce6e0aa\" data-element_type=\"widget\" data-widget_type=\"spacer.default\">\n\t\t\t\t<div class=\"elementor-widget-container\">\n\t\t\t\t\t\t\t<div class=\"elementor-spacer\">\n\t\t\t<div class=\"elementor-spacer-inner\"><\/div>\n\t\t<\/div>\n\t\t\t\t\t\t<\/div>\n\t\t\t\t<\/div>\n\t\t\t\t<div class=\"elementor-element elementor-element-3fa16cf elementor-widget elementor-widget-toggle\" data-id=\"3fa16cf\" data-element_type=\"widget\" data-widget_type=\"toggle.default\">\n\t\t\t\t<div class=\"elementor-widget-container\">\n\t\t\t\t\t\t\t<div class=\"elementor-toggle\">\n\t\t\t\t\t\t\t<div class=\"elementor-toggle-item\">\n\t\t\t\t\t<div id=\"elementor-tab-title-6671\" class=\"elementor-tab-title\" data-tab=\"1\" role=\"button\" aria-controls=\"elementor-tab-content-6671\" aria-expanded=\"false\">\n\t\t\t\t\t\t\t\t\t\t\t\t<span class=\"elementor-toggle-icon elementor-toggle-icon-right\" aria-hidden=\"true\">\n\t\t\t\t\t\t\t\t\t\t\t\t\t\t\t<span class=\"elementor-toggle-icon-closed\"><i class=\"fas fa-chevron-down\"><\/i><\/span>\n\t\t\t\t\t\t\t\t<span class=\"elementor-toggle-icon-opened\"><i class=\"elementor-toggle-icon-opened fas fa-chevron-up\"><\/i><\/span>\n\t\t\t\t\t\t\t\t\t\t\t\t\t<\/span>\n\t\t\t\t\t\t\t\t\t\t\t\t<a class=\"elementor-toggle-title\" tabindex=\"0\">TIPOS DE ASESOR\u00cdAS:<\/a>\n\t\t\t\t\t<\/div>\n\n\t\t\t\t\t<div id=\"elementor-tab-content-6671\" class=\"elementor-tab-content elementor-clearfix\" data-tab=\"1\" role=\"region\" aria-labelledby=\"elementor-tab-title-6671\"><ul><li>Representaci\u00f3n en actuaciones administrativas.<\/li><li>Representaci\u00f3n en actuaciones administrativas sancionatorias, disciplinarias y de responsabilidad fiscal.<\/li><li>Representaci\u00f3n judicial de las entidades del Estado.<\/li><li>Procesos de repetici\u00f3n.<\/li><li>Procesos de reparaci\u00f3n directa.<\/li><li>Procesos de nulidad.<\/li><li>Proceso de nulidad y restablecimiento del derecho.<\/li><li>Procesos de controversias contractuales.<\/li><li>Entre otros.<\/li><\/ul><\/div>\n\t\t\t\t<\/div>\n\t\t\t\t\t\t\t\t<\/div>\n\t\t\t\t\t\t<\/div>\n\t\t\t\t<\/div>\n\t\t\t\t<div class=\"elementor-element elementor-element-a1f711f elementor-widget elementor-widget-spacer\" data-id=\"a1f711f\" data-element_type=\"widget\" data-widget_type=\"spacer.default\">\n\t\t\t\t<div class=\"elementor-widget-container\">\n\t\t\t\t\t\t\t<div class=\"elementor-spacer\">\n\t\t\t<div class=\"elementor-spacer-inner\"><\/div>\n\t\t<\/div>\n\t\t\t\t\t\t<\/div>\n\t\t\t\t<\/div>\n\t\t\t\t\t<\/div>\n\t\t\t\t<\/div>\n\t\t<div class=\"elementor-element elementor-element-e590313 e-con-full e-flex e-con e-parent\" data-id=\"e590313\" data-element_type=\"container\" data-settings=\"{&quot;background_background&quot;:&quot;gradient&quot;}\">\n\t\t<div class=\"elementor-element elementor-element-c358b0a e-con-full e-flex e-con e-parent\" data-id=\"c358b0a\" data-element_type=\"container\" data-settings=\"{&quot;background_background&quot;:&quot;gradient&quot;}\">\n\t\t<div class=\"elementor-element elementor-element-7e011b9 e-con-full e-flex e-con e-parent\" data-id=\"7e011b9\" data-element_type=\"container\" data-settings=\"{&quot;background_background&quot;:&quot;gradient&quot;}\">\n\t\t<div class=\"elementor-element elementor-element-bdc8ce0 e-flex e-con-boxed e-con e-parent\" data-id=\"bdc8ce0\" data-element_type=\"container\" data-settings=\"{&quot;background_background&quot;:&quot;gradient&quot;}\">\n\t\t\t\t\t<div class=\"e-con-inner\">\n\t\t<div class=\"elementor-element elementor-element-45dd650 e-flex e-con-boxed e-con e-parent\" data-id=\"45dd650\" data-element_type=\"container\">\n\t\t\t\t\t<div class=\"e-con-inner\">\n\t\t\t\t<div class=\"elementor-element elementor-element-9f7894c elementor-widget elementor-widget-heading\" data-id=\"9f7894c\" data-element_type=\"widget\" data-widget_type=\"heading.default\">\n\t\t\t\t<div class=\"elementor-widget-container\">\n\t\t\t\t\t<h2 class=\"elementor-heading-title elementor-size-default\">M\u00e9ndez y M\u00e9ndez Abogados S.A.S.<\/h2>\t\t\t\t<\/div>\n\t\t\t\t<\/div>\n\t\t\t\t\t<\/div>\n\t\t\t\t<\/div>\n\t\t\t\t<div class=\"elementor-element elementor-element-714df15 elementor-widget elementor-widget-text-editor\" data-id=\"714df15\" data-element_type=\"widget\" data-widget_type=\"text-editor.default\">\n\t\t\t\t<div class=\"elementor-widget-container\">\n\t\t\t\t\t\t\t\t\t<p>NIT: 901.455.119-9<\/p><p>Direcci\u00f3n: Carrera 6 N\u00ba 10 \u2013 42 Oficina 519 Edificio Stella de Bogot\u00e1 &#8211; Colombia.<\/p><p>Copyright \u00a9 2023 mendezymendezabogados.com<\/p>\t\t\t\t\t\t\t\t<\/div>\n\t\t\t\t<\/div>\n\t\t<div class=\"elementor-element elementor-element-5292e57 e-con-full e-flex e-con e-parent\" data-id=\"5292e57\" data-element_type=\"container\">\n\t\t\t\t<div class=\"elementor-element elementor-element-2aedb61 elementor-widget-mobile__width-auto elementor-view-default elementor-widget elementor-widget-icon\" data-id=\"2aedb61\" data-element_type=\"widget\" data-widget_type=\"icon.default\">\n\t\t\t\t<div class=\"elementor-widget-container\">\n\t\t\t\t\t\t\t<div class=\"elementor-icon-wrapper\">\n\t\t\t<a class=\"elementor-icon\" href=\"https:\/\/www.facebook.com\/people\/MyM-Abogados-SAS\/100090174506372\/\">\n\t\t\t<i aria-hidden=\"true\" class=\"fab fa-facebook\"><\/i>\t\t\t<\/a>\n\t\t<\/div>\n\t\t\t\t\t\t<\/div>\n\t\t\t\t<\/div>\n\t\t\t\t<div class=\"elementor-element elementor-element-62228a3 elementor-view-default elementor-widget elementor-widget-icon\" data-id=\"62228a3\" data-element_type=\"widget\" data-widget_type=\"icon.default\">\n\t\t\t\t<div class=\"elementor-widget-container\">\n\t\t\t\t\t\t\t<div class=\"elementor-icon-wrapper\">\n\t\t\t<a class=\"elementor-icon\" href=\"https:\/\/www.instagram.com\/mymabogadosinsolvencias\/\">\n\t\t\t<i aria-hidden=\"true\" class=\"fab fa-instagram\"><\/i>\t\t\t<\/a>\n\t\t<\/div>\n\t\t\t\t\t\t<\/div>\n\t\t\t\t<\/div>\n\t\t\t\t<\/div>\n\t\t\t\t<div class=\"elementor-element elementor-element-aa8d09c elementor-widget elementor-widget-spacer\" data-id=\"aa8d09c\" data-element_type=\"widget\" data-widget_type=\"spacer.default\">\n\t\t\t\t<div class=\"elementor-widget-container\">\n\t\t\t\t\t\t\t<div class=\"elementor-spacer\">\n\t\t\t<div class=\"elementor-spacer-inner\"><\/div>\n\t\t<\/div>\n\t\t\t\t\t\t<\/div>\n\t\t\t\t<\/div>\n\t\t\t\t\t<\/div>\n\t\t\t\t<\/div>\n\t\t\t\t<\/div>\n\t\t\t\t<\/div>\n\t\t\t\t<\/div>\n\t\t\t\t<\/div>\n\t\t","protected":false},"excerpt":{"rendered":"<p>Derecho Administrativo TIPOS DE ASESOR\u00cdAS: Representaci\u00f3n en actuaciones administrativas. Representaci\u00f3n en actuaciones administrativas sancionatorias, disciplinarias y de responsabilidad fiscal. Representaci\u00f3n judicial de las entidades del Estado. Procesos de repetici\u00f3n. Procesos de reparaci\u00f3n directa. Procesos de nulidad. Proceso de nulidad y restablecimiento del derecho. Procesos de controversias contractuales. Entre otros. M\u00e9ndez y M\u00e9ndez Abogados S.A.S. NIT: [&hellip;]<\/p>\n","protected":false},"author":1,"featured_media":0,"parent":0,"menu_order":0,"comment_status":"closed","ping_status":"closed","template":"","meta":{"_joinchat":[],"footnotes":""},"class_list":["post-657","page","type-page","status-publish","hentry"],"_links":{"self":[{"href":"https:\/\/mendezymendezabogados.com\/index.php\/wp-json\/wp\/v2\/pages\/657","targetHints":{"allow":["GET"]}}],"collection":[{"href":"https:\/\/mendezymendezabogados.com\/index.php\/wp-json\/wp\/v2\/pages"}],"about":[{"href":"https:\/\/mendezymendezabogados.com\/index.php\/wp-json\/wp\/v2\/types\/page"}],"author":[{"embeddable":true,"href":"https:\/\/mendezymendezabogados.com\/index.php\/wp-json\/wp\/v2\/users\/1"}],"replies":[{"embeddable":true,"href":"https:\/\/mendezymendezabogados.com\/index.php\/wp-json\/wp\/v2\/comments?post=657"}],"version-history":[{"count":53,"href":"https:\/\/mendezymendezabogados.com\/index.php\/wp-json\/wp\/v2\/pages\/657\/revisions"}],"predecessor-version":[{"id":3968,"href":"https:\/\/mendezymendezabogados.com\/index.php\/wp-json\/wp\/v2\/pages\/657\/revisions\/3968"}],"wp:attachment":[{"href":"https:\/\/mendezymendezabogados.com\/index.php\/wp-json\/wp\/v2\/media?parent=657"}],"curies":[{"name":"wp","href":"https:\/\/api.w.org\/{rel}","templated":true}]}}